{"id":961,"date":"2024-04-11T09:42:23","date_gmt":"2024-04-11T09:42:23","guid":{"rendered":"https:\/\/hffprotein.com\/?page_id=961"},"modified":"2025-09-15T19:16:43","modified_gmt":"2025-09-15T19:16:43","slug":"inicio","status":"publish","type":"page","link":"https:\/\/hffprotein.com\/es\/","title":{"rendered":"Inicio"},"content":{"rendered":"\n\n\t<section class=\"section\" id=\"section_161149850\">\n\t\t<div class=\"section-bg fill\" >\n\t\t\t<img decoding=\"async\" width=\"2023\" height=\"1481\" data-src=\"https:\/\/hffprotein.com\/wp-content\/uploads\/2024\/04\/hff-protein-industries.webp\" class=\"bg attachment- size- lazyload\" alt=\"\" src=\"data:image\/svg+xml;base64,PHN2ZyB3aWR0aD0iMSIgaGVpZ2h0PSIxIiB4bWxucz0iaHR0cDovL3d3dy53My5vcmcvMjAwMC9zdmciPjwvc3ZnPg==\" style=\"--smush-placeholder-width: 2023px; --smush-placeholder-aspect-ratio: 2023\/1481;\" \/>\t\t\t\t\t\t\n\t\t\t\n\n\t\t<\/div>\n\n\t\t\n\n\t\t<div class=\"section-content relative\">\n\t\t\t\n\n\t<div id=\"gap-1692802492\" class=\"gap-element clearfix\" style=\"display:block; height:auto;\">\n\t\t\n<style>\n#gap-1692802492 {\n  padding-top: 50px;\n}\n<\/style>\n\t<\/div>\n\t\n\n<div class=\"row row-large\"  id=\"row-1174577753\">\n\n\n\t<div id=\"col-203696793\" class=\"col medium-8 small-12 large-8\"  >\n\t\t\t\t<div class=\"col-inner\"  >\n\t\t\t\n\t\t\t\n\n\t<div id=\"text-1305639286\" class=\"text\">\n\t\t\n\n<h1>Expertos en prote\u00edna hidrolizada de origen natural<\/h1>\n\t\t\n<style>\n#text-1305639286 {\n  font-size: 2.3rem;\n  color: rgb(255,255,255);\n}\n#text-1305639286 > * {\n  color: rgb(255,255,255);\n}\n<\/style>\n\t<\/div>\n\t\n\n\t\t<\/div>\n\t\t\t\t\n<style>\n#col-203696793 > .col-inner {\n  padding: 30px 30px 30px 30px;\n  border-radius: 5px;\n}\n<\/style>\n\t<\/div>\n\n\t\n\n<\/div>\n\n\t\t<\/div>\n\n\t\t\n<style>\n#section_161149850 {\n  padding-top: 30px;\n  padding-bottom: 30px;\n  min-height: 500px;\n  background-color: rgb(255,255,255);\n}\n<\/style>\n\t<\/section>\n\t\n\n\t<section class=\"section\" id=\"section_1575227250\">\n\t\t<div class=\"section-bg fill\" >\n\t\t\t\t\t\t\t\t\t\n\t\t\t\n\n\t\t<\/div>\n\n\t\t\n\n\t\t<div class=\"section-content relative\">\n\t\t\t\n\n\t<div id=\"gap-2115930900\" class=\"gap-element clearfix\" style=\"display:block; height:auto;\">\n\t\t\n<style>\n#gap-2115930900 {\n  padding-top: 20px;\n}\n<\/style>\n\t<\/div>\n\t\n\n<div class=\"row\"  id=\"row-249485057\">\n\n\n\t<div id=\"col-1248325219\" class=\"col small-12 large-12\"  >\n\t\t\t\t<div class=\"col-inner\"  >\n\t\t\t\n\t\t\t\n\n\t<div id=\"text-3141856678\" class=\"text\">\n\t\t\n\n<p>HFF Protein es una <strong>empresa de biotecnolog\u00eda<\/strong> que tiene el compromiso de <strong>mejorar la salud y el bienestar de los animales y las plantas<\/strong>. Somos <strong>especialistas<\/strong> en el desarrollo y producci\u00f3n de <strong>prote\u00edna hidrolizada de origen natural<\/strong> para la industria de la nutrici\u00f3n animal y agr\u00edcola.<\/p>\n<p>Contribuimos al <strong>desarrollo sostenible y la econom\u00eda circular<\/strong> gracias a la <strong>innovaci\u00f3n<\/strong> que nos permite dar un <strong>mayor valor a\u00f1adido a las materias primas<\/strong> de origen natural.<\/p>\n\t\t\n<style>\n#text-3141856678 {\n  color: rgb(0,0,0);\n}\n#text-3141856678 > * {\n  color: rgb(0,0,0);\n}\n<\/style>\n\t<\/div>\n\t\n\n\t\t<\/div>\n\t\t\t\t\t<\/div>\n\n\t\n\n<\/div>\n\n\t\t<\/div>\n\n\t\t\n<style>\n#section_1575227250 {\n  padding-top: 30px;\n  padding-bottom: 30px;\n}\n<\/style>\n\t<\/section>\n\t\n\n\t<section class=\"section\" id=\"section_1324941125\">\n\t\t<div class=\"section-bg fill\" >\n\t\t\t\t\t\t\t\t\t\n\t\t\t\n\n\t\t<\/div>\n\n\t\t\n\n\t\t<div class=\"section-content relative\">\n\t\t\t\n\n<div class=\"row\"  id=\"row-920223050\">\n\n\n\t<div id=\"col-1811936666\" class=\"col small-12 large-12\"  >\n\t\t\t\t<div class=\"col-inner\"  >\n\t\t\t\n\t\t\t\n\n\t<div id=\"text-3840109434\" class=\"text\">\n\t\t\n\n<h2>Nuestras unidades de negocio<\/h2>\n\t\t\n<style>\n#text-3840109434 {\n  font-size: 2rem;\n  text-align: center;\n}\n<\/style>\n\t<\/div>\n\t\n\n\t\t<\/div>\n\t\t\t\t\n<style>\n#col-1811936666 > .col-inner {\n  padding: 30px 0px 0px 0px;\n}\n<\/style>\n\t<\/div>\n\n\t\n\n<\/div>\n<div class=\"row row-collapse row-full-width align-middle align-center\"  id=\"row-1520479138\">\n\n\n\t<div id=\"col-778886535\" class=\"col medium-6 small-12 large-6\"  >\n\t\t\t\t<div class=\"col-inner\"  >\n\t\t\t\n\t\t\t\n\n\n\t\t<\/div>\n\t\t\t\t\t<\/div>\n\n\t\n\n\t<div id=\"col-1168275326\" class=\"col medium-6 small-12 large-6 small-col-first\"  >\n\t\t\t\t<div class=\"col-inner\"  >\n\t\t\t\n\t\t\t\n\n\n  <div class=\"banner has-hover\" id=\"banner-1241085954\">\n          <div class=\"banner-inner fill\">\n        <div class=\"banner-bg fill\" >\n            <img decoding=\"async\" width=\"1020\" height=\"680\" data-src=\"https:\/\/hffprotein.com\/wp-content\/uploads\/2024\/04\/HFF-protein-Bio-stimulants-1024x683.webp\" class=\"bg attachment-large size-large lazyload\" alt=\"\" src=\"data:image\/svg+xml;base64,PHN2ZyB3aWR0aD0iMSIgaGVpZ2h0PSIxIiB4bWxucz0iaHR0cDovL3d3dy53My5vcmcvMjAwMC9zdmciPjwvc3ZnPg==\" style=\"--smush-placeholder-width: 1020px; --smush-placeholder-aspect-ratio: 1020\/680;\" \/>                                    \n                    <\/div>\n\t\t\n        <div class=\"banner-layers container\">\n            <div class=\"fill banner-link\"><\/div>            \n\n\n        <\/div>\n      <\/div>\n\n            \n<style>\n#banner-1241085954 {\n  padding-top: 500px;\n}\n<\/style>\n  <\/div>\n\n\n\n\t\t<\/div>\n\t\t\t\t\t<\/div>\n\n\t\n\n\t<div id=\"col-320669881\" class=\"col medium-5 small-12 large-5\"  >\n\t\t\t\t<div class=\"col-inner text-left\" style=\"background-color:rgb(255, 255, 255);\" >\n\t\t\t\n\t\t\t\n\n\t<div id=\"text-2018511744\" class=\"text\">\n\t\t\n\n<h3>Salud animal<\/h3>\n\t\t\n<style>\n#text-2018511744 {\n  font-size: 2.2rem;\n}\n<\/style>\n\t<\/div>\n\t\n<p>Creamos ingredientes innovadores para piensos que mejoran la salud y el bienestar de los animales.<\/p>\n<a href=\"https:\/\/hffprotein.com\/es\/salud-animal\/\" class=\"button secondary is-large lowercase\" style=\"border-radius:10px;\">\n\t\t<span>Ver m\u00e1s<\/span>\n\t<\/a>\n\n\n\n\t\t<\/div>\n\t\t\t\t\n<style>\n#col-320669881 > .col-inner {\n  padding: 7% 10% 7% 10%;\n  margin: 0px 0px 0px 0px;\n  border-radius: 5px;\n  max-width: 520px;\n}\n@media (min-width:550px) {\n  #col-320669881 > .col-inner {\n    margin: -400px 0px 0px -150px;\n  }\n}\n<\/style>\n\t<\/div>\n\n\t\n\n<\/div>\n\n\t\t<\/div>\n\n\t\t\n<style>\n#section_1324941125 {\n  padding-top: 0px;\n  padding-bottom: 0px;\n  background-color: rgb(247, 247, 247);\n}\n<\/style>\n\t<\/section>\n\t\n\n\t<section class=\"section\" id=\"section_1390988515\">\n\t\t<div class=\"section-bg fill\" >\n\t\t\t\t\t\t\t\t\t\n\t\t\t\n\n\t\t<\/div>\n\n\t\t\n\n\t\t<div class=\"section-content relative\">\n\t\t\t\n\n<div class=\"row row-collapse row-full-width align-middle\"  id=\"row-1566435427\">\n\n\n\t<div id=\"col-1187519999\" class=\"col medium-6 small-12 large-6 small-col-first\"  >\n\t\t\t\t<div class=\"col-inner\"  >\n\t\t\t\n\t\t\t\n\n\n  <div class=\"banner has-hover\" id=\"banner-515445943\">\n          <div class=\"banner-inner fill\">\n        <div class=\"banner-bg fill\" >\n            <img decoding=\"async\" width=\"1020\" height=\"680\" data-src=\"https:\/\/hffprotein.com\/wp-content\/uploads\/2024\/04\/HFF-protein-petfood-1024x683.webp\" class=\"bg attachment-large size-large lazyload\" alt=\"\" src=\"data:image\/svg+xml;base64,PHN2ZyB3aWR0aD0iMSIgaGVpZ2h0PSIxIiB4bWxucz0iaHR0cDovL3d3dy53My5vcmcvMjAwMC9zdmciPjwvc3ZnPg==\" style=\"--smush-placeholder-width: 1020px; --smush-placeholder-aspect-ratio: 1020\/680;\" \/>                                    \n                    <\/div>\n\t\t\n        <div class=\"banner-layers container\">\n            <div class=\"fill banner-link\"><\/div>            \n\n\n        <\/div>\n      <\/div>\n\n            \n<style>\n#banner-515445943 {\n  padding-top: 500px;\n}\n<\/style>\n  <\/div>\n\n\n\n\t\t<\/div>\n\t\t\t\t\t<\/div>\n\n\t\n\n\t<div id=\"col-1817366979\" class=\"col medium-6 small-12 large-6 small-col-first\"  >\n\t\t\t\t<div class=\"col-inner text-center\"  >\n\t\t\t\n\t\t\t\n\n\t<div id=\"gap-145662424\" class=\"gap-element clearfix\" style=\"display:block; height:auto;\">\n\t\t\n<style>\n#gap-145662424 {\n  padding-top: 30px;\n}\n<\/style>\n\t<\/div>\n\t\n\n<div class=\"row align-center\"  id=\"row-723351231\">\n\n\n\t<div id=\"col-309131234\" class=\"col small-12 large-12\"  >\n\t\t\t\t<div class=\"col-inner text-left\" style=\"background-color:rgb(255, 255, 255);\" >\n\t\t\t\n\t\t\t\n\n\t<div id=\"text-369771416\" class=\"text\">\n\t\t\n\n<h3>Salud vegetal<\/h3>\n\t\t\n<style>\n#text-369771416 {\n  font-size: 2.2rem;\n}\n<\/style>\n\t<\/div>\n\t\n<p>Creamos un producto espec\u00edfico para la bioestimulaci\u00f3n y la nutrici\u00f3n vegetal. Somos el partner natural del agricultor.<\/p>\n<a href=\"https:\/\/hffprotein.com\/es\/salud-vegetal\/\" class=\"button secondary is-large lowercase\" style=\"border-radius:10px;\">\n\t\t<span>Ver m\u00e1s<\/span>\n\t<\/a>\n\n\n\n\t\t<\/div>\n\t\t\t\t\n<style>\n#col-309131234 > .col-inner {\n  padding: 7% 10% 7% 10%;\n  margin: 0px 0px 0px 0px;\n  border-radius: 5px;\n}\n@media (min-width:550px) {\n  #col-309131234 > .col-inner {\n    margin: 0px 0px 0px -100px;\n  }\n}\n<\/style>\n\t<\/div>\n\n\t\n\n<\/div>\n\n\t\t<\/div>\n\t\t\t\t\n<style>\n#col-1817366979 > .col-inner {\n  max-width: 520px;\n}\n<\/style>\n\t<\/div>\n\n\t\n\n<\/div>\n\n\t\t<\/div>\n\n\t\t\n<style>\n#section_1390988515 {\n  padding-top: 0px;\n  padding-bottom: 0px;\n  min-height: 276px;\n  background-color: rgb(247, 247, 247);\n}\n<\/style>\n\t<\/section>\n\t\n\n\t<section class=\"section\" id=\"section_768128228\">\n\t\t<div class=\"section-bg fill\" >\n\t\t\t\t\t\t\t\t\t\n\t\t\t\n\n\t\t<\/div>\n\n\t\t\n\n\t\t<div class=\"section-content relative\">\n\t\t\t\n\n<div class=\"row align-equal\"  id=\"row-1423163706\">\n\n\n\t<div id=\"col-521565368\" class=\"col large-12\"  >\n\t\t\t\t<div class=\"col-inner\"  >\n\t\t\t\n\t\t\t\n\n\t<div id=\"text-3468744277\" class=\"text\">\n\t\t\n\n<h2>Ponte en contacto con nosotros<\/h2>\n\t\t\n<style>\n#text-3468744277 {\n  font-size: 1.8rem;\n  text-align: center;\n}\n<\/style>\n\t<\/div>\n\t\n<p>Si quieres saber m\u00e1s acerca de los beneficios que pueden aportarte nuestros productos o quieres solicitar una prueba de alguno de ellos, ponte en contacto con nosotros a trav\u00e9s del siguiente formulario.<\/p>\n<span class=\"scroll-to\" data-label=\"Scroll to: #contact\" data-bullet=\"false\" data-link=\"#contact\" data-title=\"contact\"><a name=\"contact\"><\/a><\/span>\n\n\n\t\t<\/div>\n\t\t\t\t\n<style>\n#col-521565368 > .col-inner {\n  padding: 10% 5% 0% 7%;\n}\n@media (min-width:550px) {\n  #col-521565368 > .col-inner {\n    padding: 5% 5% 0% 5%;\n  }\n}\n<\/style>\n\t<\/div>\n\n\t\n\n\t<div id=\"col-1666741343\" class=\"col small-12 large-12\"  >\n\t\t\t\t<div class=\"col-inner\"  >\n\t\t\t\n\t\t\t\n\n\n<div class=\"wpcf7 no-js\" id=\"wpcf7-f9-o1\" lang=\"es-ES\" dir=\"ltr\" data-wpcf7-id=\"9\">\n<div class=\"screen-reader-response\"><p role=\"status\" aria-live=\"polite\" aria-atomic=\"true\"><\/p> <ul><\/ul><\/div>\n<form action=\"\/es\/wp-json\/wp\/v2\/pages\/961#wpcf7-f9-o1\" method=\"post\" class=\"wpcf7-form init wpcf7-acceptance-as-validation\" aria-label=\"Formulario de contacto\" novalidate=\"novalidate\" data-status=\"init\">\n<fieldset class=\"hidden-fields-container\"><input type=\"hidden\" name=\"_wpcf7\" value=\"9\" \/><input type=\"hidden\" name=\"_wpcf7_version\" value=\"6.1.5\" \/><input type=\"hidden\" name=\"_wpcf7_locale\" value=\"es_ES\" \/><input type=\"hidden\" name=\"_wpcf7_unit_tag\" value=\"wpcf7-f9-o1\" \/><input type=\"hidden\" name=\"_wpcf7_container_post\" value=\"0\" \/><input type=\"hidden\" name=\"_wpcf7_posted_data_hash\" value=\"\" \/><input type=\"hidden\" name=\"_wpcf7_recaptcha_response\" value=\"\" \/>\n<\/fieldset>\n<div id=\"responsive-form\" class=\"clearfix\">\n\t<div class=\"form-row\">\n\t\t<div class=\"column-half\">\n\t\t\t<p>Nombre* <span class=\"wpcf7-form-control-wrap\" data-name=\"name1\"><input size=\"40\" maxlength=\"400\" class=\"wpcf7-form-control wpcf7-text wpcf7-validates-as-required\" aria-required=\"true\" aria-invalid=\"false\" value=\"\" type=\"text\" name=\"name1\" \/><\/span>\n\t\t\t<\/p>\n\t\t<\/div>\n\t\t<div class=\"column-half\">\n\t\t\t<p>Apellidos* <span class=\"wpcf7-form-control-wrap\" data-name=\"surname\"><input size=\"40\" maxlength=\"400\" class=\"wpcf7-form-control wpcf7-text wpcf7-validates-as-required\" aria-required=\"true\" aria-invalid=\"false\" value=\"\" type=\"text\" name=\"surname\" \/><\/span>\n\t\t\t<\/p>\n\t\t<\/div>\n\t<\/div>\n\t<div class=\"form-row\">\n\t\t<div class=\"column-half\">\n\t\t\t<p>E-mail* <span class=\"wpcf7-form-control-wrap\" data-name=\"email\"><input size=\"40\" maxlength=\"400\" class=\"wpcf7-form-control wpcf7-email wpcf7-validates-as-required wpcf7-text wpcf7-validates-as-email\" aria-required=\"true\" aria-invalid=\"false\" value=\"\" type=\"email\" name=\"email\" \/><\/span>\n\t\t\t<\/p>\n\t\t<\/div>\n\t\t<div class=\"column-half\">\n\t\t\t<p>N\u00famero de tel\u00e9fono <span class=\"wpcf7-form-control-wrap\" data-name=\"phone-number\"><input size=\"40\" maxlength=\"400\" class=\"wpcf7-form-control wpcf7-tel wpcf7-text wpcf7-validates-as-tel\" aria-invalid=\"false\" value=\"\" type=\"tel\" name=\"phone-number\" \/><\/span>\n\t\t\t<\/p>\n\t\t<\/div>\n\t<\/div>\n\t<div class=\"form-row\">\n\t\t<div class=\"column-full\">\n\t\t\t<p>Motivo*<br \/>\n<span class=\"wpcf7-form-control-wrap\" data-name=\"your-subject\"><select class=\"wpcf7-form-control wpcf7-select wpcf7-validates-as-required\" aria-required=\"true\" aria-invalid=\"false\" name=\"your-subject\"><option value=\"\">&#8212;Por favor, elige una opci\u00f3n&#8212;<\/option><option value=\"Salud animal\">Salud animal<\/option><option value=\"Salud Vegetal\">Salud Vegetal<\/option><option value=\"Otros\">Otros<\/option><\/select><\/span>\n\t\t\t<\/p>\n\t\t<\/div>\n\t<\/div>\n\t<div class=\"form-row\">\n\t\t<div class=\"column-full\">\n\t\t\t<p>Mensaje* <span class=\"wpcf7-form-control-wrap\" data-name=\"your-message\"><textarea cols=\"40\" rows=\"10\" maxlength=\"2000\" class=\"wpcf7-form-control wpcf7-textarea wpcf7-validates-as-required\" aria-required=\"true\" aria-invalid=\"false\" name=\"your-message\"><\/textarea><\/span>\n\t\t\t<\/p>\n\t\t<\/div>\n\t<\/div>\n\t<p><label class=\"consent\"><br \/>\n<span class=\"wpcf7-form-control-wrap\" data-name=\"acceptance-423\"><span class=\"wpcf7-form-control wpcf7-acceptance\"><span class=\"wpcf7-list-item\"><label><input type=\"checkbox\" name=\"acceptance-423\" value=\"1\" aria-invalid=\"false\" \/><span class=\"wpcf7-list-item-label\">He le\u00eddo y acepto la <a rel=\"nofollow\" target=\"_blank\" rel=\"noopener noreferrer\" href=\"https:\/\/hffprotein.com\/es\/politica-privacidad\/\">Pol\u00edtica de Privacidad<\/a><\/span><\/label><\/span><\/span><\/span><br \/>\n<\/label>\n\t<\/p>\n\t<div class=\"form-row\">\n\t\t<div class=\"column-full\">\n\t\t\t<p><input class=\"wpcf7-form-control wpcf7-submit has-spinner\" type=\"submit\" value=\"Enviar mensaje\" \/>\n\t\t\t<\/p>\n\t\t<\/div>\n\t<\/div>\n<\/div><!--end responsive-form--><p style=\"display: none !important;\" class=\"akismet-fields-container\" data-prefix=\"_wpcf7_ak_\"><label>&#916;<textarea name=\"_wpcf7_ak_hp_textarea\" cols=\"45\" rows=\"8\" maxlength=\"100\"><\/textarea><\/label><input type=\"hidden\" id=\"ak_js_1\" name=\"_wpcf7_ak_js\" value=\"109\"\/><script>document.getElementById( \"ak_js_1\" ).setAttribute( \"value\", ( new Date() ).getTime() );<\/script><\/p><div class=\"wpcf7-response-output\" aria-hidden=\"true\"><\/div>\n<\/form>\n<\/div>\n\n\n\n\t\t<\/div>\n\t\t\t\t\n<style>\n#col-1666741343 > .col-inner {\n  padding: 0px 15px 0px 15px;\n}\n<\/style>\n\t<\/div>\n\n\t\n\n<\/div>\n\n\t\t<\/div>\n\n\t\t\n<style>\n#section_768128228 {\n  padding-top: 0px;\n  padding-bottom: 0px;\n  min-height: 276px;\n  background-color: rgb(255,255,255);\n}\n<\/style>\n\t<\/section>\n\t\n\n","protected":false},"excerpt":{"rendered":"","protected":false},"author":2,"featured_media":0,"parent":0,"menu_order":0,"comment_status":"closed","ping_status":"closed","template":"page-blank.php","meta":{"footnotes":""},"class_list":["post-961","page","type-page","status-publish","hentry"],"yoast_head":"<!-- This site is optimized with the Yoast SEO plugin v27.1.1 - https:\/\/yoast.com\/product\/yoast-seo-wordpress\/ -->\n<title>HFF Protein - Soluciones en Agronom\u00eda y Nutrici\u00f3n Animal<\/title>\n<meta name=\"description\" content=\"Somos una empresa de biotecnolog\u00eda con m\u00e1s de 30 a\u00f1os de experiencia y con un compromiso de mejorar la salud y el bienestar de los animales y las plantas.\" \/>\n<meta name=\"robots\" content=\"index, follow, max-snippet:-1, max-image-preview:large, max-video-preview:-1\" \/>\n<link rel=\"canonical\" href=\"https:\/\/hffprotein.com\/es\/\" \/>\n<meta property=\"og:locale\" content=\"es_ES\" \/>\n<meta property=\"og:type\" content=\"article\" \/>\n<meta property=\"og:title\" content=\"HFF Protein - Soluciones en Agronom\u00eda y Nutrici\u00f3n Animal\" \/>\n<meta property=\"og:description\" content=\"Somos una empresa de biotecnolog\u00eda con m\u00e1s de 30 a\u00f1os de experiencia y con un compromiso de mejorar la salud y el bienestar de los animales y las plantas.\" \/>\n<meta property=\"og:url\" content=\"https:\/\/hffprotein.com\/es\/\" \/>\n<meta property=\"og:site_name\" content=\"HFF protein\" \/>\n<meta property=\"article:modified_time\" content=\"2025-09-15T19:16:43+00:00\" \/>\n<meta name=\"twitter:card\" content=\"summary_large_image\" \/>\n<meta name=\"twitter:label1\" content=\"Tiempo de lectura\" \/>\n\t<meta name=\"twitter:data1\" content=\"2 minutos\" \/>\n<script type=\"application\/ld+json\" class=\"yoast-schema-graph\">{\"@context\":\"https:\/\/schema.org\",\"@graph\":[{\"@type\":\"WebPage\",\"@id\":\"https:\/\/hffprotein.com\/es\/\",\"url\":\"https:\/\/hffprotein.com\/es\/\",\"name\":\"HFF Protein - Soluciones en Agronom\u00eda y Nutrici\u00f3n Animal\",\"isPartOf\":{\"@id\":\"https:\/\/hffprotein.com\/es\/#website\"},\"datePublished\":\"2024-04-11T09:42:23+00:00\",\"dateModified\":\"2025-09-15T19:16:43+00:00\",\"description\":\"Somos una empresa de biotecnolog\u00eda con m\u00e1s de 30 a\u00f1os de experiencia y con un compromiso de mejorar la salud y el bienestar de los animales y las plantas.\",\"breadcrumb\":{\"@id\":\"https:\/\/hffprotein.com\/es\/#breadcrumb\"},\"inLanguage\":\"es\",\"potentialAction\":[{\"@type\":\"ReadAction\",\"target\":[\"https:\/\/hffprotein.com\/es\/\"]}]},{\"@type\":\"BreadcrumbList\",\"@id\":\"https:\/\/hffprotein.com\/es\/#breadcrumb\",\"itemListElement\":[{\"@type\":\"ListItem\",\"position\":1,\"name\":\"Home\",\"item\":\"https:\/\/hffprotein.com\/es\/\"},{\"@type\":\"ListItem\",\"position\":2,\"name\":\"Inicio\"}]},{\"@type\":\"WebSite\",\"@id\":\"https:\/\/hffprotein.com\/es\/#website\",\"url\":\"https:\/\/hffprotein.com\/es\/\",\"name\":\"HFF protein\",\"description\":\"Bioestimulantes que mejoran el rendimiento y la salud de los cultivos\",\"potentialAction\":[{\"@type\":\"SearchAction\",\"target\":{\"@type\":\"EntryPoint\",\"urlTemplate\":\"https:\/\/hffprotein.com\/es\/?s={search_term_string}\"},\"query-input\":{\"@type\":\"PropertyValueSpecification\",\"valueRequired\":true,\"valueName\":\"search_term_string\"}}],\"inLanguage\":\"es\"}]}<\/script>\n<!-- \/ Yoast SEO plugin. -->","yoast_head_json":{"title":"HFF Protein - Soluciones en Agronom\u00eda y Nutrici\u00f3n Animal","description":"Somos una empresa de biotecnolog\u00eda con m\u00e1s de 30 a\u00f1os de experiencia y con un compromiso de mejorar la salud y el bienestar de los animales y las plantas.","robots":{"index":"index","follow":"follow","max-snippet":"max-snippet:-1","max-image-preview":"max-image-preview:large","max-video-preview":"max-video-preview:-1"},"canonical":"https:\/\/hffprotein.com\/es\/","og_locale":"es_ES","og_type":"article","og_title":"HFF Protein - Soluciones en Agronom\u00eda y Nutrici\u00f3n Animal","og_description":"Somos una empresa de biotecnolog\u00eda con m\u00e1s de 30 a\u00f1os de experiencia y con un compromiso de mejorar la salud y el bienestar de los animales y las plantas.","og_url":"https:\/\/hffprotein.com\/es\/","og_site_name":"HFF protein","article_modified_time":"2025-09-15T19:16:43+00:00","twitter_card":"summary_large_image","twitter_misc":{"Tiempo de lectura":"2 minutos"},"schema":{"@context":"https:\/\/schema.org","@graph":[{"@type":"WebPage","@id":"https:\/\/hffprotein.com\/es\/","url":"https:\/\/hffprotein.com\/es\/","name":"HFF Protein - Soluciones en Agronom\u00eda y Nutrici\u00f3n Animal","isPartOf":{"@id":"https:\/\/hffprotein.com\/es\/#website"},"datePublished":"2024-04-11T09:42:23+00:00","dateModified":"2025-09-15T19:16:43+00:00","description":"Somos una empresa de biotecnolog\u00eda con m\u00e1s de 30 a\u00f1os de experiencia y con un compromiso de mejorar la salud y el bienestar de los animales y las plantas.","breadcrumb":{"@id":"https:\/\/hffprotein.com\/es\/#breadcrumb"},"inLanguage":"es","potentialAction":[{"@type":"ReadAction","target":["https:\/\/hffprotein.com\/es\/"]}]},{"@type":"BreadcrumbList","@id":"https:\/\/hffprotein.com\/es\/#breadcrumb","itemListElement":[{"@type":"ListItem","position":1,"name":"Home","item":"https:\/\/hffprotein.com\/es\/"},{"@type":"ListItem","position":2,"name":"Inicio"}]},{"@type":"WebSite","@id":"https:\/\/hffprotein.com\/es\/#website","url":"https:\/\/hffprotein.com\/es\/","name":"HFF protein","description":"Bioestimulantes que mejoran el rendimiento y la salud de los cultivos","potentialAction":[{"@type":"SearchAction","target":{"@type":"EntryPoint","urlTemplate":"https:\/\/hffprotein.com\/es\/?s={search_term_string}"},"query-input":{"@type":"PropertyValueSpecification","valueRequired":true,"valueName":"search_term_string"}}],"inLanguage":"es"}]}},"_links":{"self":[{"href":"https:\/\/hffprotein.com\/es\/wp-json\/wp\/v2\/pages\/961","targetHints":{"allow":["GET"]}}],"collection":[{"href":"https:\/\/hffprotein.com\/es\/wp-json\/wp\/v2\/pages"}],"about":[{"href":"https:\/\/hffprotein.com\/es\/wp-json\/wp\/v2\/types\/page"}],"author":[{"embeddable":true,"href":"https:\/\/hffprotein.com\/es\/wp-json\/wp\/v2\/users\/2"}],"replies":[{"embeddable":true,"href":"https:\/\/hffprotein.com\/es\/wp-json\/wp\/v2\/comments?post=961"}],"version-history":[{"count":55,"href":"https:\/\/hffprotein.com\/es\/wp-json\/wp\/v2\/pages\/961\/revisions"}],"predecessor-version":[{"id":1129,"href":"https:\/\/hffprotein.com\/es\/wp-json\/wp\/v2\/pages\/961\/revisions\/1129"}],"wp:attachment":[{"href":"https:\/\/hffprotein.com\/es\/wp-json\/wp\/v2\/media?parent=961"}],"curies":[{"name":"wp","href":"https:\/\/api.w.org\/{rel}","templated":true}]}}