{"id":4111,"date":"2025-09-16T18:20:52","date_gmt":"2025-09-16T18:20:52","guid":{"rendered":"https:\/\/hffprotein.com\/?page_id=4111"},"modified":"2025-09-16T18:20:57","modified_gmt":"2025-09-16T18:20:57","slug":"ayuda-del-fondo-europeo-maritimo-de-pesca-y-acuicultura-fempa","status":"publish","type":"page","link":"https:\/\/hffprotein.com\/es\/ayuda-del-fondo-europeo-maritimo-de-pesca-y-acuicultura-fempa\/","title":{"rendered":"Ayuda del Fondo Europeo Mar\u00edtimo, de Pesca y Acuicultura (FEMPA)"},"content":{"rendered":"\n<h1>Ayuda del Fondo Europeo Mar\u00edtimo, de Pesca y Acuicultura (FEMPA)<\/h1>\n\n<p>HFF PROTEIN SUR S.L. ha recibido una ayuda de la Uni\u00f3n Europea con cargo al Programa Fondo Europeo Mar\u00edtimo, de Pesca y Acuicultura (FEMPA) Andaluc\u00eda 2021-2027 para la adecuaci\u00f3n de nave para la instalaci\u00f3n de una planta de elaboraci\u00f3n de prote\u00edna hidrolizada en Ayamonte (Huelva), con un presupuesto de 4.960.910,50 \u20ac.\u00a0<\/p>\n<p>Este\u00a0proyecto busca transformar una problem\u00e1tica com\u00fan en la industria pesquera, el uso de pescados de descarte que carecen de un valor comercial significativo y genera dificultades econ\u00f3micas para los pescadores como materia prima para nuestro proceso productivo. A trav\u00e9s de la aplicaci\u00f3n de la tecnolog\u00eda de hidrolizado de pescado, se pretende agregar valor a capturas subutilizadas.<\/p>\n<p>Este enfoque innovador no solo contribuir\u00e1 a la sostenibilidad ambiental al evitar el desperdicio de recursos pesqueros, sino que tambi\u00e9n generar\u00e1 oportunidades econ\u00f3micas para los pescadores y conserveras al transformar un producto de bajo valor en un producto de alto valor, como el hidrolizado de pescado, con diversas aplicaciones en la industria alimentaria y de alimentos para animales. El proyecto se ejecutar\u00e1 entre el 9 de julio de 2024 y el 15 de enero de 2026.\u201d<\/p>\n\t<div class=\"img has-hover x md-x lg-x y md-y lg-y\" id=\"image_877245309\">\n\t\t\t\t\t\t\t\t<div class=\"img-inner dark\" >\n\t\t\t<img decoding=\"async\" width=\"1020\" height=\"98\" data-src=\"https:\/\/hffprotein.com\/wp-content\/uploads\/2025\/09\/Logotipos-Web_FEMPA-1024x98.webp\" class=\"attachment-large size-large lazyload\" alt=\"\" data-srcset=\"https:\/\/hffprotein.com\/wp-content\/uploads\/2025\/09\/Logotipos-Web_FEMPA-1024x98.webp 1024w, https:\/\/hffprotein.com\/wp-content\/uploads\/2025\/09\/Logotipos-Web_FEMPA-300x29.webp 300w, https:\/\/hffprotein.com\/wp-content\/uploads\/2025\/09\/Logotipos-Web_FEMPA-768x73.webp 768w, https:\/\/hffprotein.com\/wp-content\/uploads\/2025\/09\/Logotipos-Web_FEMPA-1536x147.webp 1536w, https:\/\/hffprotein.com\/wp-content\/uploads\/2025\/09\/Logotipos-Web_FEMPA-2048x196.webp 2048w\" data-sizes=\"(max-width: 1020px) 100vw, 1020px\" src=\"data:image\/svg+xml;base64,PHN2ZyB3aWR0aD0iMSIgaGVpZ2h0PSIxIiB4bWxucz0iaHR0cDovL3d3dy53My5vcmcvMjAwMC9zdmciPjwvc3ZnPg==\" style=\"--smush-placeholder-width: 1020px; --smush-placeholder-aspect-ratio: 1020\/98;\" \/>\t\t\t\t\t\t\n\t\t\t\t\t<\/div>\n\t\t\t\t\t\t\t\t\n<style>\n#image_877245309 {\n  width: 100%;\n}\n<\/style>\n\t<\/div>\n\t\n\n\n","protected":false},"excerpt":{"rendered":"","protected":false},"author":2,"featured_media":0,"parent":0,"menu_order":0,"comment_status":"closed","ping_status":"closed","template":"","meta":{"footnotes":""},"class_list":["post-4111","page","type-page","status-publish","hentry"],"yoast_head":"<!-- This site is optimized with the Yoast SEO plugin v27.1.1 - https:\/\/yoast.com\/product\/yoast-seo-wordpress\/ -->\n<title>Ayuda del Fondo Europeo Mar\u00edtimo, de Pesca y Acuicultura (FEMPA) - HFF protein<\/title>\n<meta name=\"robots\" content=\"index, follow, max-snippet:-1, max-image-preview:large, max-video-preview:-1\" \/>\n<link rel=\"canonical\" href=\"https:\/\/hffprotein.com\/es\/ayuda-del-fondo-europeo-maritimo-de-pesca-y-acuicultura-fempa\/\" \/>\n<meta property=\"og:locale\" content=\"es_ES\" \/>\n<meta property=\"og:type\" content=\"article\" \/>\n<meta property=\"og:title\" content=\"Ayuda del Fondo Europeo Mar\u00edtimo, de Pesca y Acuicultura (FEMPA) - HFF protein\" \/>\n<meta property=\"og:url\" content=\"https:\/\/hffprotein.com\/es\/ayuda-del-fondo-europeo-maritimo-de-pesca-y-acuicultura-fempa\/\" \/>\n<meta property=\"og:site_name\" content=\"HFF protein\" \/>\n<meta property=\"article:modified_time\" content=\"2025-09-16T18:20:57+00:00\" \/>\n<meta name=\"twitter:card\" content=\"summary_large_image\" \/>\n<script type=\"application\/ld+json\" class=\"yoast-schema-graph\">{\"@context\":\"https:\/\/schema.org\",\"@graph\":[{\"@type\":\"WebPage\",\"@id\":\"https:\/\/hffprotein.com\/es\/ayuda-del-fondo-europeo-maritimo-de-pesca-y-acuicultura-fempa\/\",\"url\":\"https:\/\/hffprotein.com\/es\/ayuda-del-fondo-europeo-maritimo-de-pesca-y-acuicultura-fempa\/\",\"name\":\"Ayuda del Fondo Europeo Mar\u00edtimo, de Pesca y Acuicultura (FEMPA) - HFF protein\",\"isPartOf\":{\"@id\":\"https:\/\/hffprotein.com\/es\/#website\"},\"datePublished\":\"2025-09-16T18:20:52+00:00\",\"dateModified\":\"2025-09-16T18:20:57+00:00\",\"breadcrumb\":{\"@id\":\"https:\/\/hffprotein.com\/es\/ayuda-del-fondo-europeo-maritimo-de-pesca-y-acuicultura-fempa\/#breadcrumb\"},\"inLanguage\":\"es\",\"potentialAction\":[{\"@type\":\"ReadAction\",\"target\":[\"https:\/\/hffprotein.com\/es\/ayuda-del-fondo-europeo-maritimo-de-pesca-y-acuicultura-fempa\/\"]}]},{\"@type\":\"BreadcrumbList\",\"@id\":\"https:\/\/hffprotein.com\/es\/ayuda-del-fondo-europeo-maritimo-de-pesca-y-acuicultura-fempa\/#breadcrumb\",\"itemListElement\":[{\"@type\":\"ListItem\",\"position\":1,\"name\":\"Home\",\"item\":\"https:\/\/hffprotein.com\/es\/\"},{\"@type\":\"ListItem\",\"position\":2,\"name\":\"Ayuda del Fondo Europeo Mar\u00edtimo, de Pesca y Acuicultura (FEMPA)\"}]},{\"@type\":\"WebSite\",\"@id\":\"https:\/\/hffprotein.com\/es\/#website\",\"url\":\"https:\/\/hffprotein.com\/es\/\",\"name\":\"HFF protein\",\"description\":\"Bioestimulantes que mejoran el rendimiento y la salud de los cultivos\",\"potentialAction\":[{\"@type\":\"SearchAction\",\"target\":{\"@type\":\"EntryPoint\",\"urlTemplate\":\"https:\/\/hffprotein.com\/es\/?s={search_term_string}\"},\"query-input\":{\"@type\":\"PropertyValueSpecification\",\"valueRequired\":true,\"valueName\":\"search_term_string\"}}],\"inLanguage\":\"es\"}]}<\/script>\n<!-- \/ Yoast SEO plugin. -->","yoast_head_json":{"title":"Ayuda del Fondo Europeo Mar\u00edtimo, de Pesca y Acuicultura (FEMPA) - HFF protein","robots":{"index":"index","follow":"follow","max-snippet":"max-snippet:-1","max-image-preview":"max-image-preview:large","max-video-preview":"max-video-preview:-1"},"canonical":"https:\/\/hffprotein.com\/es\/ayuda-del-fondo-europeo-maritimo-de-pesca-y-acuicultura-fempa\/","og_locale":"es_ES","og_type":"article","og_title":"Ayuda del Fondo Europeo Mar\u00edtimo, de Pesca y Acuicultura (FEMPA) - HFF protein","og_url":"https:\/\/hffprotein.com\/es\/ayuda-del-fondo-europeo-maritimo-de-pesca-y-acuicultura-fempa\/","og_site_name":"HFF protein","article_modified_time":"2025-09-16T18:20:57+00:00","twitter_card":"summary_large_image","schema":{"@context":"https:\/\/schema.org","@graph":[{"@type":"WebPage","@id":"https:\/\/hffprotein.com\/es\/ayuda-del-fondo-europeo-maritimo-de-pesca-y-acuicultura-fempa\/","url":"https:\/\/hffprotein.com\/es\/ayuda-del-fondo-europeo-maritimo-de-pesca-y-acuicultura-fempa\/","name":"Ayuda del Fondo Europeo Mar\u00edtimo, de Pesca y Acuicultura (FEMPA) - HFF protein","isPartOf":{"@id":"https:\/\/hffprotein.com\/es\/#website"},"datePublished":"2025-09-16T18:20:52+00:00","dateModified":"2025-09-16T18:20:57+00:00","breadcrumb":{"@id":"https:\/\/hffprotein.com\/es\/ayuda-del-fondo-europeo-maritimo-de-pesca-y-acuicultura-fempa\/#breadcrumb"},"inLanguage":"es","potentialAction":[{"@type":"ReadAction","target":["https:\/\/hffprotein.com\/es\/ayuda-del-fondo-europeo-maritimo-de-pesca-y-acuicultura-fempa\/"]}]},{"@type":"BreadcrumbList","@id":"https:\/\/hffprotein.com\/es\/ayuda-del-fondo-europeo-maritimo-de-pesca-y-acuicultura-fempa\/#breadcrumb","itemListElement":[{"@type":"ListItem","position":1,"name":"Home","item":"https:\/\/hffprotein.com\/es\/"},{"@type":"ListItem","position":2,"name":"Ayuda del Fondo Europeo Mar\u00edtimo, de Pesca y Acuicultura (FEMPA)"}]},{"@type":"WebSite","@id":"https:\/\/hffprotein.com\/es\/#website","url":"https:\/\/hffprotein.com\/es\/","name":"HFF protein","description":"Bioestimulantes que mejoran el rendimiento y la salud de los cultivos","potentialAction":[{"@type":"SearchAction","target":{"@type":"EntryPoint","urlTemplate":"https:\/\/hffprotein.com\/es\/?s={search_term_string}"},"query-input":{"@type":"PropertyValueSpecification","valueRequired":true,"valueName":"search_term_string"}}],"inLanguage":"es"}]}},"_links":{"self":[{"href":"https:\/\/hffprotein.com\/es\/wp-json\/wp\/v2\/pages\/4111","targetHints":{"allow":["GET"]}}],"collection":[{"href":"https:\/\/hffprotein.com\/es\/wp-json\/wp\/v2\/pages"}],"about":[{"href":"https:\/\/hffprotein.com\/es\/wp-json\/wp\/v2\/types\/page"}],"author":[{"embeddable":true,"href":"https:\/\/hffprotein.com\/es\/wp-json\/wp\/v2\/users\/2"}],"replies":[{"embeddable":true,"href":"https:\/\/hffprotein.com\/es\/wp-json\/wp\/v2\/comments?post=4111"}],"version-history":[{"count":2,"href":"https:\/\/hffprotein.com\/es\/wp-json\/wp\/v2\/pages\/4111\/revisions"}],"predecessor-version":[{"id":4115,"href":"https:\/\/hffprotein.com\/es\/wp-json\/wp\/v2\/pages\/4111\/revisions\/4115"}],"wp:attachment":[{"href":"https:\/\/hffprotein.com\/es\/wp-json\/wp\/v2\/media?parent=4111"}],"curies":[{"name":"wp","href":"https:\/\/api.w.org\/{rel}","templated":true}]}}